{"id":24,"date":"2023-02-11T16:37:30","date_gmt":"2023-02-11T16:37:30","guid":{"rendered":"https:\/\/tortax-steuerberatung.de\/?page_id=24"},"modified":"2023-02-11T16:38:50","modified_gmt":"2023-02-11T16:38:50","slug":"impressum","status":"publish","type":"page","link":"https:\/\/tortax-steuerberatung.de\/?page_id=24","title":{"rendered":"Impressum"},"content":{"rendered":"\n<p>Pflichtangaben nach \u00a75TMG sowie \u00a72 Abs. 1 DL-InfoV<\/p>\n\n\n\n<h2 class=\"wp-block-heading\">Sitz<\/h2>\n\n\n\n<p>TorTax Steuerberatungsgesellschaft mbH<br>Am Judenfriedhof 6<br>97631 Bad K\u00f6nigshofen<\/p>\n\n\n\n<p>09761\/39 53 790<br>info@tortax.de<br>www.tortax-steuerberatung.de<\/p>\n\n\n\n<p>Steuernummer: 205\/140\/30163<\/p>\n\n\n\n<p>Sitz: Bad K\u00f6nigshofen<br>Amtsgericht: Schweinfurt<br>Handelsregister: HRB 8848<\/p>\n\n\n\n<h2 class=\"wp-block-heading\">Inhaltlich Verantwortlicher gem\u00e4\u00df \u00a755 Abs. 2 RStV:<\/h2>\n\n\n\n<p>Torsten B\u00f6tsch<br>Steuerberater\/Gesch\u00e4ftsf\u00fchrer<br>Am Judenfriedhof 6<br>97631 Bad K\u00f6nigshofen<\/p>\n\n\n\n<h2 class=\"wp-block-heading\">Zust\u00e4ndige Aufsichtsbeh\u00f6rde:<\/h2>\n\n\n\n<p>Steuerberaterkammer N\u00fcrnberg<br>Karolinenstr. 28<br>90402 N\u00fcrnberg<\/p>\n\n\n\n<h2 class=\"wp-block-heading\">Berufsbezeichnung<\/h2>\n\n\n\n<p>Die gesetzliche Berufsbezeichnung &#8222;Steuerberater&#8220; wurde in der Bundesrepublik Deutschland verliehen. Staat der Zulassung ist die Bundesrepublik Deutschland.<\/p>\n\n\n\n<h2 class=\"wp-block-heading\">Berufsrechtliche Regelungen f\u00fcr Steuerberater:<\/h2>\n\n\n\n<ul>\n<li>Steuerberatungsgesetz (StBerG)<\/li>\n\n\n\n<li>Durchf\u00fchrungsverordnung zum Steuerberatungsgesetz (DVStB)<\/li>\n\n\n\n<li>Berufsordnung der Bundessteuerberaterkammer (BOStB)<\/li>\n\n\n\n<li>Steuerberatergeb\u00fchrenverordnung (StBGebV)<\/li>\n\n\n\n<li>Steuerberaterverg\u00fctungsverordnung(StBVV)<\/li>\n<\/ul>\n\n\n\n<p>Die berufsrechtlichen Regelungen k\u00f6nnen auch auf der Homepage der Bundessteuerberaterkammer (www.bstbk.de) eingesehen werden.<\/p>\n\n\n\n<h2 class=\"wp-block-heading\">Angaben zur Berufshaftpflichtversicherung:<\/h2>\n\n\n\n<p>F\u00fcr die TorTax Steuerberatungsgesellschaft besteht eine Verm\u00f6gensschaden-Haftpflichtversicherung bei der HDI Versicherungs AG, 30650 Hannover<\/p>\n\n\n\n<h2 class=\"wp-block-heading\">Versicherungsnummer:<\/h2>\n\n\n\n<p><strong class=\"privacy-policy-tutorial\">V076-566-797-2<\/strong><\/p>\n","protected":false},"excerpt":{"rendered":"<p>Pflichtangaben nach \u00a75TMG sowie \u00a72 Abs. 1 DL-InfoV Sitz TorTax Steuerberatungsgesellschaft mbHAm Judenfriedhof 697631 Bad K\u00f6nigshofen 09761\/39 53 790info@tortax.dewww.tortax-steuerberatung.de Steuernummer: 205\/140\/30163 Sitz: Bad K\u00f6nigshofenAmtsgericht: SchweinfurtHandelsregister: HRB 8848 Inhaltlich Verantwortlicher gem\u00e4\u00df [&hellip;]<\/p>\n","protected":false},"author":1,"featured_media":0,"parent":0,"menu_order":0,"comment_status":"closed","ping_status":"closed","template":"","meta":{"_EventAllDay":false,"_EventTimezone":"","_EventStartDate":"","_EventEndDate":"","_EventStartDateUTC":"","_EventEndDateUTC":"","_EventShowMap":false,"_EventShowMapLink":false,"_EventURL":"","_EventCost":"","_EventCostDescription":"","_EventCurrencySymbol":"","_EventCurrencyCode":"","_EventCurrencyPosition":"","_EventDateTimeSeparator":"","_EventTimeRangeSeparator":"","_EventOrganizerID":[],"_EventVenueID":[],"_OrganizerEmail":"","_OrganizerPhone":"","_OrganizerWebsite":"","_VenueAddress":"","_VenueCity":"","_VenueCountry":"","_VenueProvince":"","_VenueState":"","_VenueZip":"","_VenuePhone":"","_VenueURL":"","_VenueStateProvince":"","_VenueLat":"","_VenueLng":"","_VenueShowMap":false,"_VenueShowMapLink":false,"footnotes":""},"_links":{"self":[{"href":"https:\/\/tortax-steuerberatung.de\/index.php?rest_route=\/wp\/v2\/pages\/24"}],"collection":[{"href":"https:\/\/tortax-steuerberatung.de\/index.php?rest_route=\/wp\/v2\/pages"}],"about":[{"href":"https:\/\/tortax-steuerberatung.de\/index.php?rest_route=\/wp\/v2\/types\/page"}],"author":[{"embeddable":true,"href":"https:\/\/tortax-steuerberatung.de\/index.php?rest_route=\/wp\/v2\/users\/1"}],"replies":[{"embeddable":true,"href":"https:\/\/tortax-steuerberatung.de\/index.php?rest_route=%2Fwp%2Fv2%2Fcomments&post=24"}],"version-history":[{"count":2,"href":"https:\/\/tortax-steuerberatung.de\/index.php?rest_route=\/wp\/v2\/pages\/24\/revisions"}],"predecessor-version":[{"id":28,"href":"https:\/\/tortax-steuerberatung.de\/index.php?rest_route=\/wp\/v2\/pages\/24\/revisions\/28"}],"wp:attachment":[{"href":"https:\/\/tortax-steuerberatung.de\/index.php?rest_route=%2Fwp%2Fv2%2Fmedia&parent=24"}],"curies":[{"name":"wp","href":"https:\/\/api.w.org\/{rel}","templated":true}]}}