{"id":22,"date":"2023-02-11T16:37:10","date_gmt":"2023-02-11T16:37:10","guid":{"rendered":"https:\/\/tortax-steuerberatung.de\/?page_id=22"},"modified":"2023-02-11T16:56:59","modified_gmt":"2023-02-11T16:56:59","slug":"datenschutz","status":"publish","type":"page","link":"https:\/\/tortax-steuerberatung.de\/?page_id=22","title":{"rendered":"Datenschutz"},"content":{"rendered":"\n<p><strong>Datenschutzhinweise der TorTax Steuerberatungsgesellschaft mb<\/strong><strong>H<\/strong><\/p>\n\n\n\n<p>1. Mit diesen Datenschutzhinweisen informieren wir Sie \u00fcber die Datenverarbeitung in unserer<\/p>\n\n\n\n<p>Steuerberatungsgesellschaft.<\/p>\n\n\n\n<p><strong>Verantwortlicher<\/strong> im Sinne des Datenschutzrechts ist:<\/p>\n\n\n\n<p>Herr Steuerberater Torsten B\u00f6tsch, Am Judenfriedhof 6, 97631 Bad K\u00f6nigshofen i. Gr.<br>E-Mail: datenschutz@tortax.de Telefon: 09761\/39 53 790<\/p>\n\n\n\n<p>2. Wir verarbeiten die folgenden <strong>personenbezogenen Daten<\/strong>:<\/p>\n\n\n\n<p>\u25cf Vor- und Nachname, Anrede, ggf. Titel<\/p>\n\n\n\n<p>\u25cf Postanschrift\/en<\/p>\n\n\n\n<p>\u25cf Telefonnummer\/n<\/p>\n\n\n\n<p>\u25cf ggf. Telefaxnummer\/n<\/p>\n\n\n\n<p>\u25cf E-Mail-Adresse\/n<\/p>\n\n\n\n<p>\u25cf f\u00fcr die angemessene Mandatsausf\u00fchrung ben\u00f6tigte Informationen<\/p>\n\n\n\n<p>3. Wir verarbeiten personenbezogene Daten zu <strong>Zwecken<\/strong> der<\/p>\n\n\n\n<p>\u25cf Ausf\u00fchrung und Abwicklung des Mandatsverh\u00e4ltnisses einschlie\u00dflich der Korrespondenz,<\/p>\n\n\n\n<p>\u25cf Erf\u00fcllung unserer vertraglichen und gesetzlichen Pflichten als Steuerberater und<\/p>\n\n\n\n<p>\u25cf Bearbeitung im Rahmen von gegenseitigen Anspr\u00fcchen aus dem Steuerberatungsvertrag<\/p>\n\n\n\n<p>(z.&nbsp;B. Rechnungsstellung, Leistungs-, Verg\u00fctungs- und Haftungsanspr\u00fcche usw.).<\/p>\n\n\n\n<p>4. <strong>Rechtsgrundlagen<\/strong> f\u00fcr die Datenverarbeitung in unserer Steuerberatungskanzlei sind<\/p>\n\n\n\n<p>\u25cf Art. 6 Abs. 1 Unterabsatz 1 Buchstabe b DSGVO zur Erf\u00fcllung des Mandatsvertrages,<\/p>\n\n\n\n<p>\u25cf Art. 6 Abs. 1 Unterabsatz 1 Buchstabe c DSGVO zur Erf\u00fcllung der gesetzlichen Pflichten, denen wir als Steuerberater unterliegen,<\/p>\n\n\n\n<p>\u25cf Art. 6 Abs. 1 Unterabsatz 1 Buchstabe f DSGVO, soweit die Datenverarbeitung zur Wahrung von berechtigten Interessen von uns oder eines Dritten erforderlich ist; insbesondere liegt die kontinuierliche Gesch\u00e4ftsbeziehung zu unseren Mandanten in unserem berechtigten Interesse,<\/p>\n\n\n\n<p>\u25cf Art. 6 Abs. 1 Unterabsatz 1 Buchstabe a DSGVO, soweit Sie uns Ihre Einwilligung zur Verarbeitung der Sie betreffenden personenbezogenen Daten f\u00fcr bestimmte Zwecke gegeben haben.<\/p>\n\n\n\n<p>5. Die \u00dcbermittlung von personenbezogenen Daten an Dritte erfolgt nur in Ihrem Auftrag und mit Ihrem Einverst\u00e4ndnis. Wir geben personenbezogene Daten im Rahmen des Mandatsverh\u00e4ltnisses an folgende <strong>Empf\u00e4nger<\/strong> weiter:<\/p>\n\n\n\n<p>\u25cf Finanzbeh\u00f6rden und Gerichte<\/p>\n\n\n\n<p>\u25cf Sozialversicherungstr\u00e4ger<\/p>\n\n\n\n<p>\u25cf Bundesanzeiger Verlag GmbH<\/p>\n\n\n\n<p>\u25cf Banken, Kreditinstitute, Versicherungen und Berufsgenossenschaften<\/p>\n\n\n\n<p>\u25cf Auftragsverarbeiter (z. B. Rechenzentren, IT-Dienstleister, Druckdienstleister, Entsorgungsfirmen etc.), deren Dienstleistungen wir nur nutzen, soweit diese als mitwirkende Person auf die Wahrung unserer Berufsgeheimnisse gem. \u00a7 203 Abs. 3 Strafgesetzbuch verpflichtet sind<\/p>\n\n\n\n<p>\u25cf je nach Auftrag an weitere Empf\u00e4nger, die wir mit Ihnen abstimmen<\/p>\n\n\n\n<p>6. Eine Daten\u00fcbermittlung in <strong>Drittstaaten<\/strong> (Staaten au\u00dferhalb des Europ\u00e4ischen Wirtschaftsraums \u2013 EWR) findet nur statt, soweit dies zur Ausf\u00fchrung des Mandatsvertrages (z. B. Zahlungsauftr\u00e4ge) erforderlich oder Sie uns Ihre Einwilligung erteilt haben oder dies anderweitig gesetzlich zul\u00e4ssig ist. In diesem Fall ergreifen wir Ma\u00dfnahmen, um den Schutz Ihrer Daten sicherzustellen, beispielsweise durch vertragliche Regelungen. Wir \u00fcbermitteln ausschlie\u00dflich an Empf\u00e4nger, die den Schutz Ihrer Daten nach den Vorschriften der DSGVO f\u00fcr die \u00dcbermittlung an Drittl\u00e4nder (Art.&nbsp;44 bis 49 DSGVO) sicherstellen.<\/p>\n\n\n\n<p>7. Die personenbezogenen Daten werden bei uns f\u00fcr die <strong>Dauer<\/strong> der gesetzlichen Aufbewahrungsfristen gespeichert. In der Regel sind dies 10 Jahre zuz\u00fcglich einer Karenzzeit von weiteren 4 Jahren, um F\u00e4lle einer m\u00f6glichen Ablaufhemmung zu erfassen. Nach Ablauf von 14 Jahren pr\u00fcfen wir, ob Gr\u00fcnde f\u00fcr eine weitere Aufbewahrung vorliegen.<\/p>\n\n\n\n<p>8. Sie haben folgende <strong>Rechte als \u201ebetroffene Person\u201c<\/strong>, deren Daten wir verarbeiten:<\/p>\n\n\n\n<p>\u25cf Recht auf <strong>Auskunft<\/strong> nach Art. 15 DSGVO<\/p>\n\n\n\n<p>\u25cf Recht auf <strong>Berichtigung<\/strong> nach Art. 16 DSGVO<\/p>\n\n\n\n<p>\u25cf Recht auf <strong>L\u00f6schung<\/strong> (\u201eVergessenwerden\u201c) nach Art. 17 DSGVO<\/p>\n\n\n\n<p>\u25cf Recht auf <strong>Einschr\u00e4nkung<\/strong> der Verarbeitung nach Art. 18 DSGVO<\/p>\n\n\n\n<p>\u25cf Recht auf <strong>\u00dcbertragung<\/strong> Ihrer Daten in einem strukturierten, g\u00e4ngigen und maschinenlesbaren Format nach Art. 20 DSGVO<\/p>\n\n\n\n<p>Soweit wir die Verarbeitung f\u00fcr bestimmte Zwecke Ihrer personenbezogenen Daten auf Grundlage Ihrer Einwilligung durchf\u00fchren, haben Sie nach Art. 7 Abs. 3 DSGVO das Recht, Ihre <strong>Einwilligung<\/strong> jederzeit zu <strong>widerrufen<\/strong>. Nach Erhalt Ihres Widerrufs werden wir die Datenverarbeitung f\u00fcr die Zwecke einstellen, f\u00fcr die Sie uns die Einwilligung erteilt haben. Die Rechtm\u00e4\u00dfigkeit der Verarbeitung vor Erhalt Ihres Widerrufs bleibt unber\u00fchrt.<\/p>\n\n\n\n<p><em><strong>Widerspruchsrecht:<\/strong><\/em><em> Wenn wir Ihre personenbezogenen Daten zur Wahrung von berechtigten Interessen im Sinne von Art. 6 Abs. 1 Unterabsatz 1 Buchstabe f DSGVO verarbeiten, haben Sie nach Art. 21 Abs. 1 DSGVO das Recht, dieser Verarbeitung aus Gr\u00fcnden zu widersprechen, die sich aus Ihrer besonderen Situation ergeben. Gegen die Verarbeitung zu Zwecken der Direktwerbung k\u00f6nnen Sie gem. Art. 21 Abs. 2 DSGVO jederzeit ohne Begr\u00fcndung widersprechen. Um Ihr Widerspruchsrecht auszu\u00fcben, gen\u00fcgt eine formlose Mitteilung an uns per E-Mail an datenschutz@tortax.de mit der Angabe, welcher Datenverarbeitung Sie widersprechen.<\/em><\/p>\n\n\n\n<p>Wenn Sie der Meinung sind, dass die Verarbeitung der Sie betreffenden personenbezogenen Daten gegen die Datenschutz-Grundverordnung verst\u00f6\u00dft, haben Sie das Recht zur <strong>Beschwerde<\/strong> nach Art.&nbsp;77 Abs. 1 DSGVO bei einer Aufsichtsbeh\u00f6rde f\u00fcr den Datenschutz (in der Regel Landesbeauftragte f\u00fcr Datenschutz und Informationsfreiheit). Die Beschwerde kann insbesondere bei der Aufsichtsbeh\u00f6rde eingelegt werden, die am Ort Ihres gew\u00f6hnlichen Aufenthalts, Ihres Arbeitsplatzes oder des mutma\u00dflichen Versto\u00dfes zust\u00e4ndig ist. Am Sitz unserer Kanzlei ist folgende Aufsichtsbeh\u00f6rde f\u00fcr den Datenschutz zust\u00e4ndig:<\/p>\n\n\n\n<p><strong>Landesamt f\u00fcr Datenschutzaufsicht, Promenade 18, 91522 Ansbach<\/strong><\/p>\n\n\n\n<p>9. Diese Hinweise entsprechen dem Rechtsstand vom 25. Mai 2018. Wir behalten uns vor, unsere Datenschutzhinweise an \u00c4nderungen in Vorschriften oder der Rechtsprechung anzupassen.<\/p>\n","protected":false},"excerpt":{"rendered":"<p>Datenschutzhinweise der TorTax Steuerberatungsgesellschaft mbH 1. Mit diesen Datenschutzhinweisen informieren wir Sie \u00fcber die Datenverarbeitung in unserer Steuerberatungsgesellschaft. Verantwortlicher im Sinne des Datenschutzrechts ist: Herr Steuerberater Torsten B\u00f6tsch, Am Judenfriedhof [&hellip;]<\/p>\n","protected":false},"author":1,"featured_media":0,"parent":0,"menu_order":0,"comment_status":"closed","ping_status":"closed","template":"","meta":{"_EventAllDay":false,"_EventTimezone":"","_EventStartDate":"","_EventEndDate":"","_EventStartDateUTC":"","_EventEndDateUTC":"","_EventShowMap":false,"_EventShowMapLink":false,"_EventURL":"","_EventCost":"","_EventCostDescription":"","_EventCurrencySymbol":"","_EventCurrencyCode":"","_EventCurrencyPosition":"","_EventDateTimeSeparator":"","_EventTimeRangeSeparator":"","_EventOrganizerID":[],"_EventVenueID":[],"_OrganizerEmail":"","_OrganizerPhone":"","_OrganizerWebsite":"","_VenueAddress":"","_VenueCity":"","_VenueCountry":"","_VenueProvince":"","_VenueState":"","_VenueZip":"","_VenuePhone":"","_VenueURL":"","_VenueStateProvince":"","_VenueLat":"","_VenueLng":"","_VenueShowMap":false,"_VenueShowMapLink":false,"footnotes":""},"_links":{"self":[{"href":"https:\/\/tortax-steuerberatung.de\/index.php?rest_route=\/wp\/v2\/pages\/22"}],"collection":[{"href":"https:\/\/tortax-steuerberatung.de\/index.php?rest_route=\/wp\/v2\/pages"}],"about":[{"href":"https:\/\/tortax-steuerberatung.de\/index.php?rest_route=\/wp\/v2\/types\/page"}],"author":[{"embeddable":true,"href":"https:\/\/tortax-steuerberatung.de\/index.php?rest_route=\/wp\/v2\/users\/1"}],"replies":[{"embeddable":true,"href":"https:\/\/tortax-steuerberatung.de\/index.php?rest_route=%2Fwp%2Fv2%2Fcomments&post=22"}],"version-history":[{"count":2,"href":"https:\/\/tortax-steuerberatung.de\/index.php?rest_route=\/wp\/v2\/pages\/22\/revisions"}],"predecessor-version":[{"id":43,"href":"https:\/\/tortax-steuerberatung.de\/index.php?rest_route=\/wp\/v2\/pages\/22\/revisions\/43"}],"wp:attachment":[{"href":"https:\/\/tortax-steuerberatung.de\/index.php?rest_route=%2Fwp%2Fv2%2Fmedia&parent=22"}],"curies":[{"name":"wp","href":"https:\/\/api.w.org\/{rel}","templated":true}]}}